{"id":899,"date":"2020-02-14T16:33:22","date_gmt":"2020-02-14T16:33:22","guid":{"rendered":"https:\/\/allgaiermogensen.es\/?page_id=899"},"modified":"2024-03-21T16:46:04","modified_gmt":"2024-03-21T16:46:04","slug":"cookie-policy","status":"publish","type":"page","link":"https:\/\/mogensen.es\/en\/cookie-policy\/","title":{"rendered":"Cookies Policy"},"content":{"rendered":"<div class=\"wp-block-ugb-spacer ugb-spacer ugb-28b93a4 ugb-spacer--v2 ugb-main-block\"><div class=\"ugb-inner-block\"><div class=\"ugb-block-content\"><div class=\"ugb-spacer--inner\"><\/div><\/div><\/div><\/div>\n\n\n\n<p>MOGENSEN SPAIN informa, a trav\u00e9s de esta Pol\u00edtica de Cookies, sobre el uso de dispositivos de almacenamiento y recuperaci\u00f3n de datos en los equipos terminales de los Usuarios.<\/p>\n\n\n\n<p><strong>1.- \u00bfQu\u00e9 son las cookies?<\/strong><\/p>\n\n\n\n<p>Las cookies son archivos que se descargan en el ordenador\/smartphone\/tableta del usuario al acceder a determinados sitios web y aplicaciones que permiten almacenar las preferencias de navegaci\u00f3n del usuario, haciendo m\u00e1s r\u00e1pida y sencilla la interacci\u00f3n entre el usuario y el Sitio Web.<\/p>\n\n\n\n<p>&nbsp;La informaci\u00f3n recopilada por las cookies es an\u00f3nima y no contiene ninguna informaci\u00f3n sensible, ya que no recogen datos que puedan identificar personalmente al Usuario. En cualquier caso, el usuario podr\u00e1 acceder al panel de configuraci\u00f3n de su navegador para modificar y\/o bloquear la descarga e instalaci\u00f3n de las cookies enviadas desde el Sitio Web, sin que ello impida el acceso a los contenidos.<\/p>\n\n\n\n<p><strong>2.- \u00bfPor qu\u00e9 MOGENSEN SPAIN utiliza cookies?<\/strong><\/p>\n\n\n\n<p>De acuerdo con el art\u00edculo 22 de la Ley de Servicios de la Sociedad de la Informaci\u00f3n y del Comercio Electr\u00f3nico, as\u00ed como en el Considerando (30) del Reglamento General de Protecci\u00f3n de Datos (en adelante \u00abRGPD\u00bb), este Sitio Web utiliza cookies u otros dispositivos de almacenamiento y recuperaci\u00f3n de informaci\u00f3n para realizar un seguimiento de las interacciones de los usuarios con los servicios ofrecidos en el Sitio Web.<\/p>\n\n\n\n<p>Las cookies pueden reconocer el navegador de un usuario y el tipo de dispositivo desde el que ha accedido al Sitio Web y se utilizan para facilitar la pr\u00f3xima visita del usuario y hacer que el Sitio Web sea m\u00e1s \u00fatil.<\/p>\n\n\n\n<p>MOGENSEN SPAIN utiliza las cookies para:<\/p>\n\n\n\n<p><em>\u00b7 Optimizar la navegaci\u00f3n del Usuario mediante el seguimiento de la sesi\u00f3n.<\/em><\/p>\n\n\n\n<p><em>\u00b7 Recoger informaci\u00f3n para optimizar la navegaci\u00f3n y mejorar el Sitio Web.<\/em><\/p>\n\n\n\n<p>The Website uses the following types of cookies :<\/p>\n\n\n\n<p>Obligatorias: Cookies estrictamente necesarias para la prestaci\u00f3n de un servicio o contenido solicitado por el usuario. Se encargan de aspectos t\u00e9cnicos como la identificaci\u00f3n de registros y la gesti\u00f3n de las preferencias de la herramienta en el uso, interacci\u00f3n y localizaci\u00f3n del acceso al contenido.<\/p>\n\n\n\n<p>Funcionales: Las cookies funcionales proporcionan al usuario informaci\u00f3n que enriquece la experiencia de navegaci\u00f3n, como por ejemplo mostrar la previsi\u00f3n meteorol\u00f3gica en funci\u00f3n de su ubicaci\u00f3n.<\/p>\n\n\n\n<p>Estad\u00edsticas\/anal\u00edticas: Estas cookies recogen informaci\u00f3n relativa al uso de la p\u00e1gina como la permanencia en la p\u00e1gina y el contenido visitado por los lectores para medir su rendimiento y mejorar la navegaci\u00f3n.<\/p>\n\n\n\n<p>The main objectives pursued with this type of cookie are:<\/p>\n\n\n\n<p>Permitir la identificaci\u00f3n an\u00f3nima de los Usuarios navegantes y por tanto la contabilizaci\u00f3n aproximada del n\u00famero de visitantes.<\/p>\n\n\n\n<p>Identificar de forma an\u00f3nima los contenidos m\u00e1s visitados.<\/p>\n\n\n\n<p>To know if the User who is accessing is new or he\/she has repeated the visit.<\/p>\n\n\n\n<p><strong>4.- \u00bfC\u00f3mo desactivar las cookies?<\/strong><\/p>\n\n\n\n<p>Aquellas cookies que no son obligatorias para la navegaci\u00f3n de este Sitio Web pueden ser deshabilitadas en la \u00abConfiguraci\u00f3n de Cookies\u00bb.<\/p>\n\n\n\n<p>Esta configuraci\u00f3n se encuentra en el pie de p\u00e1gina del Sitio Web. Adem\u00e1s, todos los navegadores permiten al usuario realizar cambios para deshabilitar la configuraci\u00f3n de las cookies.<\/p>\n\n\n\n<p>Por ello, la mayor\u00eda de los navegadores ofrecen la posibilidad de gestionar las cookies, para un control m\u00e1s preciso de la privacidad. Estos ajustes se encuentran en el men\u00fa \u00abopciones\u00bb o \u00abpreferencias\u00bb de su navegador.<\/p>\n\n\n\n<p>A continuaci\u00f3n, puede ver los enlaces de cada navegador para desactivar las cookies siguiendo las instrucciones:<\/p>\n\n\n\n<p><em>\u00b7 Internet Explorer (https:\/\/goo.gl\/iU2wh2)<\/em><\/p>\n\n\n\n<p>En el men\u00fa de herramientas, seleccione \u00abOpciones de Internet\u00bb. Haga clic en la pesta\u00f1a de privacidad. Puede configurar la privacidad con un cursor de seis posiciones que le permite controlar el n\u00famero de cookies que se instalar\u00e1n: Bloquear todas las cookies, Alta, Media Alta, Media (nivel por defecto), Baja y Aceptar todas las cookies.<\/p>\n\n\n\n<p><em>\u00b7 Mozilla Firefox (http:\/\/goo.gl\/QXWYmv)<\/em><\/p>\n\n\n\n<p>En la parte superior de la venta de Firefox haga clic en el men\u00fa Herramientas. Seleccione Opciones. Seleccione el panel de Privacidad. En la opci\u00f3n de Firefox puedes elegir Usar una configuraci\u00f3n personalizada del historial, as\u00ed como otras cuestiones relacionadas con tu Privacidad.<\/p>\n\n\n\n<p><em>\u00b7 Google Chrome (http:\/\/goo.gl\/fQnkSB)<\/em><\/p>\n\n\n\n<p>Haz clic en el men\u00fa situado en la barra de herramientas. Selecciona Configuraci\u00f3n. Haga clic en Mostrar opciones avanzadas. En la selecci\u00f3n \u00abPrivacidad\u00bb, haga clic en el bot\u00f3n Configuraci\u00f3n de contenido. En la selecci\u00f3n \u00abCookies\u00bb, puede configurar las opciones.<\/p>\n\n\n\n<p><em>\u00b7 Safari (https:\/\/goo.gl\/PcjEm3; https:\/\/goo.gl\/dQywEo)<\/em><\/p>\n\n\n\n<p>En el men\u00fa de configuraci\u00f3n, seleccione la opci\u00f3n \u00abPreferencias\u00bb. Abra la pesta\u00f1a de privacidad. Seleccione la opci\u00f3n que desee de la secci\u00f3n \u00abbloquear cookies\u00bb. Tenga en cuenta que algunas caracter\u00edsticas y la funcionalidad completa del sitio web pueden no estar disponibles despu\u00e9s de desactivar las cookies.<\/p>\n\n\n\n<p>If you do not want to be tracked by cookies, Google has developed an add-on to install in your browser that you can access at the following link: <a href=\"http:\/\/goo.gl\/up4ND\">http:\/\/goo.gl\/up4ND<\/a>.<\/p>\n\n\n\n<p><strong>5.- Cookies en dispositivos m\u00f3viles<\/strong><\/p>\n\n\n\n<p>MOGENSEN SPAIN\u00a0 tambi\u00e9n utiliza en su Sitio Web cookies u otros dispositivos de almacenamiento en los dispositivos m\u00f3viles.<\/p>\n\n\n\n<p>Aquellas cookies que no son obligatorias para la navegaci\u00f3n de este Sitio Web pueden ser deshabilitadas en la secci\u00f3n \u00abConfigurar Cookies aqu\u00ed\u00bb.&nbsp;&nbsp;&nbsp;&nbsp;&nbsp;&nbsp;&nbsp;&nbsp;&nbsp;<\/p>\n\n\n\n<p>Esta configuraci\u00f3n se encuentra en el pie de p\u00e1gina del Sitio Web. Adem\u00e1s, al igual que los navegadores de los ordenadores, los navegadores de los dispositivos m\u00f3viles permiten realizar cambios en las opciones o ajustes de privacidad para desactivar o eliminar las cookies.<\/p>\n\n\n\n<p>Si desea cambiar sus opciones de privacidad, siga las instrucciones especificadas por el desarrollador del navegador de su dispositivo m\u00f3vil.<\/p>\n\n\n\n<p>A continuaci\u00f3n se muestran algunos ejemplos de enlaces que le guiar\u00e1n para modificar la configuraci\u00f3n de privacidad en su dispositivo m\u00f3vil:<\/p>\n\n\n\n<p>&#8211; IOS: (http:\/\/goo.gl\/61xevS)<\/p>\n\n\n\n<p>&#8211; Windows Phone: (https:\/\/goo.gl\/tKyb0y)<\/p>\n\n\n\n<p>&#8211; Chrome Mobile: (http:\/\/goo.gl\/XJp7N)<\/p>\n\n\n\n<p>&#8211; Opera Mobile: (http:\/\/goo.gl\/Nzr8s7)<\/p>\n\n\n\n<p><strong>6.- Aceptaci\u00f3n de cookies<\/strong><\/p>\n\n\n\n<p>Este Sitio Web no instala nuestras cookies en los dispositivos de los usuarios hasta que \u00e9stos hayan aceptado la instalaci\u00f3n de las referidas cookies.<\/p>\n\n\n\n<p>Tenga en cuenta que si no acepta la instalaci\u00f3n de cookies o desactiva alguna de ellas en el panel de configuraci\u00f3n de cookies, es posible que ciertos servicios no est\u00e9n disponibles sin el uso de alguna de estas cookies o que no pueda acceder a ciertos servicios o aprovechar al m\u00e1ximo todo lo que este Sitio Web ofrece.<\/p>\n\n\n\n<div class=\"wp-block-ugb-spacer ugb-spacer ugb-86a33aa ugb-spacer--v2 ugb-main-block\"><div class=\"ugb-inner-block\"><div class=\"ugb-block-content\"><div class=\"ugb-spacer--inner\"><\/div><\/div><\/div><\/div>","protected":false},"excerpt":{"rendered":"<p>MOGENSEN SPAIN informa, a trav\u00e9s de esta Pol\u00edtica de Cookies, sobre el uso de dispositivos de almacenamiento y recuperaci\u00f3n de datos en los equipos terminales de los Usuarios. 1.- \u00bfQu\u00e9 son las cookies? Las cookies son archivos que se descargan en el ordenador\/smartphone\/tableta del usuario al acceder a determinados sitios web y aplicaciones que permiten [&hellip;]<\/p>\n","protected":false},"author":1,"featured_media":0,"parent":0,"menu_order":0,"comment_status":"closed","ping_status":"closed","template":"","meta":{"_acf_changed":false,"footnotes":""},"class_list":["post-899","page","type-page","status-publish","hentry"],"acf":[],"yoast_head":"<!-- This site is optimized with the Yoast SEO Premium plugin v24.5 (Yoast SEO v27.1.1) - https:\/\/yoast.com\/product\/yoast-seo-premium-wordpress\/ -->\n<title>Pol\u00edtica de Cookies - MOGENSEN Spain<\/title>\n<meta name=\"robots\" content=\"index, follow, max-snippet:-1, max-image-preview:large, max-video-preview:-1\" \/>\n<link rel=\"canonical\" href=\"https:\/\/mogensen.es\/en\/cookie-policy\/\" \/>\n<meta property=\"og:locale\" content=\"en_US\" \/>\n<meta property=\"og:type\" content=\"article\" \/>\n<meta property=\"og:title\" content=\"Pol\u00edtica de Cookies\" \/>\n<meta property=\"og:description\" content=\"MOGENSEN SPAIN informa, a trav\u00e9s de esta Pol\u00edtica de Cookies, sobre el uso de dispositivos de almacenamiento y recuperaci\u00f3n de datos en los equipos terminales de los Usuarios. 1.- \u00bfQu\u00e9 son las cookies? Las cookies son archivos que se descargan en el ordenador\/smartphone\/tableta del usuario al acceder a determinados sitios web y aplicaciones que permiten [&hellip;]\" \/>\n<meta property=\"og:url\" content=\"https:\/\/mogensen.es\/en\/cookie-policy\/\" \/>\n<meta property=\"og:site_name\" content=\"MOGENSEN Spain\" \/>\n<meta property=\"article:publisher\" content=\"https:\/\/www.facebook.com\/Allgaier-Mogensen-SLU-158462750935628\/\" \/>\n<meta property=\"article:modified_time\" content=\"2024-03-21T16:46:04+00:00\" \/>\n<meta name=\"twitter:card\" content=\"summary_large_image\" \/>\n<meta name=\"twitter:site\" content=\"@almospain\" \/>\n<meta name=\"twitter:label1\" content=\"Est. reading time\" \/>\n\t<meta name=\"twitter:data1\" content=\"5 minutes\" \/>\n<script type=\"application\/ld+json\" class=\"yoast-schema-graph\">{\"@context\":\"https:\/\/schema.org\",\"@graph\":[{\"@type\":\"WebPage\",\"@id\":\"https:\/\/mogensen.es\/cookie-policy\/\",\"url\":\"https:\/\/mogensen.es\/cookie-policy\/\",\"name\":\"Pol\u00edtica de Cookies - MOGENSEN Spain\",\"isPartOf\":{\"@id\":\"https:\/\/mogensen.es\/#website\"},\"datePublished\":\"2020-02-14T16:33:22+00:00\",\"dateModified\":\"2024-03-21T16:46:04+00:00\",\"breadcrumb\":{\"@id\":\"https:\/\/mogensen.es\/cookie-policy\/#breadcrumb\"},\"inLanguage\":\"en-US\",\"potentialAction\":[{\"@type\":\"ReadAction\",\"target\":[\"https:\/\/mogensen.es\/cookie-policy\/\"]}]},{\"@type\":\"BreadcrumbList\",\"@id\":\"https:\/\/mogensen.es\/cookie-policy\/#breadcrumb\",\"itemListElement\":[{\"@type\":\"ListItem\",\"position\":1,\"name\":\"Home\",\"item\":\"https:\/\/mogensen.es\/\"},{\"@type\":\"ListItem\",\"position\":2,\"name\":\"Pol\u00edtica de Cookies\"}]},{\"@type\":\"WebSite\",\"@id\":\"https:\/\/mogensen.es\/#website\",\"url\":\"https:\/\/mogensen.es\/\",\"name\":\"MOGENSEN Spain\",\"description\":\"Especialistas en Tecnolog\u00eda de Procesos Industriales\",\"publisher\":{\"@id\":\"https:\/\/mogensen.es\/#organization\"},\"potentialAction\":[{\"@type\":\"SearchAction\",\"target\":{\"@type\":\"EntryPoint\",\"urlTemplate\":\"https:\/\/mogensen.es\/?s={search_term_string}\"},\"query-input\":{\"@type\":\"PropertyValueSpecification\",\"valueRequired\":true,\"valueName\":\"search_term_string\"}}],\"inLanguage\":\"en-US\"},{\"@type\":\"Organization\",\"@id\":\"https:\/\/mogensen.es\/#organization\",\"name\":\"Allgaier Mogensen\",\"url\":\"https:\/\/mogensen.es\/\",\"logo\":{\"@type\":\"ImageObject\",\"inLanguage\":\"en-US\",\"@id\":\"https:\/\/mogensen.es\/#\/schema\/logo\/image\/\",\"url\":\"https:\/\/allgaiermogensen.es\/wp-content\/uploads\/2020\/01\/logo.jpg\",\"contentUrl\":\"https:\/\/allgaiermogensen.es\/wp-content\/uploads\/2020\/01\/logo.jpg\",\"width\":339,\"height\":31,\"caption\":\"Allgaier Mogensen\"},\"image\":{\"@id\":\"https:\/\/mogensen.es\/#\/schema\/logo\/image\/\"},\"sameAs\":[\"https:\/\/www.facebook.com\/Allgaier-Mogensen-SLU-158462750935628\/\",\"https:\/\/x.com\/almospain\",\"https:\/\/www.linkedin.com\/company\/allgaier-mogensen-s-a-u-almo-\/\",\"https:\/\/www.youtube.com\/channel\/UCEKhYPMgXb_AveWrmqszRBA\"]}]}<\/script>\n<!-- \/ Yoast SEO Premium plugin. -->","yoast_head_json":{"title":"Pol\u00edtica de Cookies - MOGENSEN Spain","robots":{"index":"index","follow":"follow","max-snippet":"max-snippet:-1","max-image-preview":"max-image-preview:large","max-video-preview":"max-video-preview:-1"},"canonical":"https:\/\/mogensen.es\/en\/cookie-policy\/","og_locale":"en_US","og_type":"article","og_title":"Pol\u00edtica de Cookies","og_description":"MOGENSEN SPAIN informa, a trav\u00e9s de esta Pol\u00edtica de Cookies, sobre el uso de dispositivos de almacenamiento y recuperaci\u00f3n de datos en los equipos terminales de los Usuarios. 1.- \u00bfQu\u00e9 son las cookies? Las cookies son archivos que se descargan en el ordenador\/smartphone\/tableta del usuario al acceder a determinados sitios web y aplicaciones que permiten [&hellip;]","og_url":"https:\/\/mogensen.es\/en\/cookie-policy\/","og_site_name":"MOGENSEN Spain","article_publisher":"https:\/\/www.facebook.com\/Allgaier-Mogensen-SLU-158462750935628\/","article_modified_time":"2024-03-21T16:46:04+00:00","twitter_card":"summary_large_image","twitter_site":"@almospain","twitter_misc":{"Est. reading time":"5 minutes"},"schema":{"@context":"https:\/\/schema.org","@graph":[{"@type":"WebPage","@id":"https:\/\/mogensen.es\/cookie-policy\/","url":"https:\/\/mogensen.es\/cookie-policy\/","name":"Pol\u00edtica de Cookies - MOGENSEN Spain","isPartOf":{"@id":"https:\/\/mogensen.es\/#website"},"datePublished":"2020-02-14T16:33:22+00:00","dateModified":"2024-03-21T16:46:04+00:00","breadcrumb":{"@id":"https:\/\/mogensen.es\/cookie-policy\/#breadcrumb"},"inLanguage":"en-US","potentialAction":[{"@type":"ReadAction","target":["https:\/\/mogensen.es\/cookie-policy\/"]}]},{"@type":"BreadcrumbList","@id":"https:\/\/mogensen.es\/cookie-policy\/#breadcrumb","itemListElement":[{"@type":"ListItem","position":1,"name":"Home","item":"https:\/\/mogensen.es\/"},{"@type":"ListItem","position":2,"name":"Pol\u00edtica de Cookies"}]},{"@type":"WebSite","@id":"https:\/\/mogensen.es\/#website","url":"https:\/\/mogensen.es\/","name":"MOGENSEN Spain","description":"Especialistas en Tecnolog\u00eda de Procesos Industriales","publisher":{"@id":"https:\/\/mogensen.es\/#organization"},"potentialAction":[{"@type":"SearchAction","target":{"@type":"EntryPoint","urlTemplate":"https:\/\/mogensen.es\/?s={search_term_string}"},"query-input":{"@type":"PropertyValueSpecification","valueRequired":true,"valueName":"search_term_string"}}],"inLanguage":"en-US"},{"@type":"Organization","@id":"https:\/\/mogensen.es\/#organization","name":"Allgaier Mogensen","url":"https:\/\/mogensen.es\/","logo":{"@type":"ImageObject","inLanguage":"en-US","@id":"https:\/\/mogensen.es\/#\/schema\/logo\/image\/","url":"https:\/\/allgaiermogensen.es\/wp-content\/uploads\/2020\/01\/logo.jpg","contentUrl":"https:\/\/allgaiermogensen.es\/wp-content\/uploads\/2020\/01\/logo.jpg","width":339,"height":31,"caption":"Allgaier Mogensen"},"image":{"@id":"https:\/\/mogensen.es\/#\/schema\/logo\/image\/"},"sameAs":["https:\/\/www.facebook.com\/Allgaier-Mogensen-SLU-158462750935628\/","https:\/\/x.com\/almospain","https:\/\/www.linkedin.com\/company\/allgaier-mogensen-s-a-u-almo-\/","https:\/\/www.youtube.com\/channel\/UCEKhYPMgXb_AveWrmqszRBA"]}]}},"_links":{"self":[{"href":"https:\/\/mogensen.es\/en\/wp-json\/wp\/v2\/pages\/899","targetHints":{"allow":["GET"]}}],"collection":[{"href":"https:\/\/mogensen.es\/en\/wp-json\/wp\/v2\/pages"}],"about":[{"href":"https:\/\/mogensen.es\/en\/wp-json\/wp\/v2\/types\/page"}],"author":[{"embeddable":true,"href":"https:\/\/mogensen.es\/en\/wp-json\/wp\/v2\/users\/1"}],"replies":[{"embeddable":true,"href":"https:\/\/mogensen.es\/en\/wp-json\/wp\/v2\/comments?post=899"}],"version-history":[{"count":0,"href":"https:\/\/mogensen.es\/en\/wp-json\/wp\/v2\/pages\/899\/revisions"}],"wp:attachment":[{"href":"https:\/\/mogensen.es\/en\/wp-json\/wp\/v2\/media?parent=899"}],"curies":[{"name":"wp","href":"https:\/\/api.w.org\/{rel}","templated":true}]}}