{"id":3,"date":"2020-01-12T11:11:12","date_gmt":"2020-01-12T11:11:12","guid":{"rendered":"https:\/\/allgaiermogensen.es\/?page_id=3"},"modified":"2024-03-21T16:41:44","modified_gmt":"2024-03-21T16:41:44","slug":"politica-de-privacidad","status":"publish","type":"page","link":"https:\/\/mogensen.es\/en\/politica-de-privacidad\/","title":{"rendered":"PRIVACY POLICY"},"content":{"rendered":"<div class=\"wp-block-ugb-spacer ugb-spacer ugb-1446a00 ugb-spacer--v2 ugb-main-block\"><div class=\"ugb-inner-block\"><div class=\"ugb-block-content\"><div class=\"ugb-spacer--inner\"><\/div><\/div><\/div><\/div>\n\n\n\n<p><strong>1.- \u00bfQui\u00e9n es el responsable del tratamiento de sus datos?<\/strong><\/p>\n\n\n\n<p>El responsable del tratamiento de sus datos personales es MOGENSEN SPAIN (en adelante, \u00abMOGENSEN SPAIN\u00bb), con C.I.F.: B-28173466 y domicilio social en C\/ Morse 12 \u00b7 Pol. Ind San Marcos \u00b7 28906 Getafe, Madrid.<\/p>\n\n\n\n<p>Le informamos que la titularidad de este Sitio Web (en adelante, el \u00abSitio Web\u00bb), corresponde a MOGENSEN SPAIN.<\/p>\n\n\n\n<p>El acceso y\/o uso del Sitio Web atribuye la condici\u00f3n de Usuario (en adelante, el \u00abUsuario\u00bb), e implica la aceptaci\u00f3n, desde dicho acceso y\/o uso, de la presente Pol\u00edtica de Privacidad.<\/p>\n\n\n\n<p>Direcci\u00f3n de correo electr\u00f3nico de contacto: <a href=\"mailto:connect@brieffin.com\">info@almo.es<\/a><\/p>\n\n\n\n<p><strong>2- \u00bfPor qu\u00e9&nbsp; est\u00e1 autorizada MOGENSEN SPAIN a tratar sus datos?<\/strong><\/p>\n\n\n\n<p>MOGENSEN SPAIN trata los datos personales de los Usuarios con la finalidad de prestar los servicios contratados a trav\u00e9s del Sitio Web.<\/p>\n\n\n\n<p>MOGENSEN SPAIN se toma muy en serio la protecci\u00f3n de su privacidad y de sus datos personales. Por ello, su informaci\u00f3n personal se guarda de forma segura y se trata con el m\u00e1ximo cuidado.<\/p>\n\n\n\n<p>La presente Pol\u00edtica de Privacidad regula el acceso y uso del servicio (en adelante, el \u00abServicio\u00bb) que MOGENSEN SPAIN pone a disposici\u00f3n del Usuario interesado en los servicios.<\/p>\n\n\n\n<p>&nbsp;En este sentido, las bases legales utilizadas por MOGENSEN SPAIN para el tratamiento de los datos del Usuario son:<\/p>\n\n\n\n<p>&nbsp;La ejecuci\u00f3n de los contratos; y<\/p>\n\n\n\n<p>(ii)\tThe consent of Users to the processing of personal data for the purposes specified in each case.<\/p>\n\n\n\n<p><strong>3.- \u00bfCu\u00e1les son las finalidades del tratamiento de sus datos personales?<\/strong><\/p>\n\n\n\n<p>&nbsp;Sus datos personales recogidos por MOGENSEN SPAIN podr\u00e1n ser utilizados para las siguientes finalidades:<\/p>\n\n\n\n<p>&nbsp;3.1 La prestaci\u00f3n de los servicios de MOGENSEN SPAIN.<\/p>\n\n\n\n<p>&nbsp;Con el fin de prestar el servicio solicitado por el Usuario, MOGENSEN SPAIN necesitar\u00e1 tratar los datos personales obtenidos a partir de la informaci\u00f3n proporcionada por el Usuario a MOGENSEN SPAIN.<\/p>\n\n\n\n<p>&nbsp;3.2 Esta finalidad ser\u00e1 la de remitir al Usuario registrado, por carta, tel\u00e9fono, correo electr\u00f3nico, SMS\/MMS, u otro medio de comunicaci\u00f3n electr\u00f3nica equivalente por parte de MOGENSEN SPAIN de informaci\u00f3n y comunicaciones comerciales sobre los Servicios que puedan ser de su inter\u00e9s.<\/p>\n\n\n\n<p><strong>4.- Veracity of the data provided by the Users and data of minors<\/strong><\/p>\n\n\n\n<p>&nbsp;El Usuario garantiza que los datos personales facilitados son veraces y se hace responsable de comunicar a MOGENSEN SPAIN cualquier modificaci\u00f3n de los mismos. El Usuario responder\u00e1, en cualquier caso, de la veracidad de los datos facilitados, reserv\u00e1ndose MOGENSEN SPAIN el derecho a excluir de los Servicios registrados a todo Usuario que haya facilitado datos falsos, sin perjuicio de las dem\u00e1s acciones que procedan en Derecho.<\/p>\n\n\n\n<p><strong>5.-Conservaci\u00f3n de datos<\/strong><\/p>\n\n\n\n<p>&nbsp;Los datos personales facilitados ser\u00e1n conservados por MOGENSEN SPAIN mientras el usuario no manifieste su deseo de darse de baja de los servicios de MOGENSEN SPAIN, para recibir informaci\u00f3n sobre los productos de MOGENSEN SPAIN. Posteriormente, si fuera necesario, MOGENSEN SPAIN conservar\u00e1 la informaci\u00f3n bloqueada durante los plazos legalmente establecidos.<\/p>\n\n\n\n<p><strong>6.- Users' rights<\/strong><\/p>\n\n\n\n<p>&nbsp;Users have the right to:<\/p>\n\n\n\n<p>&nbsp;(i)\tAccess to their personal data;<\/p>\n\n\n\n<p>Solicitar la rectificaci\u00f3n de los datos inexactos;<\/p>\n\n\n\n<p>Solicitar la eliminaci\u00f3n de sus datos;<\/p>\n\n\n\n<p>Solicitar la limitaci\u00f3n en el tratamiento de sus datos;<\/p>\n\n\n\n<p>(v)\tOppose the processing of their data;<\/p>\n\n\n\n<p>(vi)\tRequest the portability of their data; and<\/p>\n\n\n\n<p>Asimismo, el Usuario tendr\u00e1 derecho a no ser objeto de decisiones basadas \u00fanicamente en el tratamiento automatizado de los datos.<\/p>\n\n\n\n<p>El Usuario podr\u00e1 ejercer todos estos derechos en la direcci\u00f3n de correo electr\u00f3nico <a href=\"mailto:dpo@almo.es\">dpo@almo.es<\/a> indicating the reason for their request and providing a copy of their ID.<\/p>\n\n\n\n<p>&nbsp;El Usuario tambi\u00e9n puede enviar su solicitud por correo ordinario a la siguiente direcci\u00f3n postal<\/p>\n\n\n\n<p>MOGENSEN SPAIN | C.I.F.: B-28173466<br>C\/ Morse 12 \u00b7 Pol. Ind San Marcos \u00b7 28906 Getafe, Madrid<\/p>\n\n\n\n<p>Sin perjuicio de cualquier otro recurso administrativo o acci\u00f3n judicial, el Usuario tendr\u00e1 derecho a presentar una reclamaci\u00f3n ante una Autoridad de Control, en particular en el Estado miembro en el que tenga su residencia habitual, lugar de trabajo o lugar de la presunta infracci\u00f3n, en el caso de que considere que el tratamiento de sus datos personales no se ajusta a la normativa, as\u00ed como en el caso de que no est\u00e9 satisfecho con el ejercicio de sus derechos. La autoridad de control ante la que se haya presentado la reclamaci\u00f3n informar\u00e1 al reclamante del curso y el resultado de la misma.<\/p>\n\n\n\n<p><strong>7.- Data security<\/strong><\/p>\n\n\n\n<p>La protecci\u00f3n de la privacidad y los datos personales de los Usuarios es muy importante para MOGENSEN SPAIN. Por ello, MOGENSEN SPAIN hace todo lo posible para evitar que sus datos sean utilizados de forma indebida, permitiendo el acceso a los mismos \u00fanicamente al personal autorizado.<\/p>\n\n\n\n<p>MOGENSEN SPAIN mantiene la seguridad adecuada para la protecci\u00f3n de los datos personales de acuerdo con la legislaci\u00f3n aplicable y ha establecido todos los medios t\u00e9cnicos a su alcance para evitar la p\u00e9rdida, uso indebido, alteraci\u00f3n, acceso no autorizado y robo de los datos facilitados por el Usuario a trav\u00e9s del Sitio Web, sin perjuicio de informarle de que las medidas de seguridad en Internet no son inexpugnables.<\/p>\n\n\n\n<p>MOGENSEN SPAIN se compromete a cumplir con el deber de secreto y confidencialidad respecto de los datos personales de acuerdo con la legislaci\u00f3n aplicable, as\u00ed como a conferirles un tratamiento seguro en las transferencias y cesiones internacionales de datos que, en su caso, puedan producirse.<\/p>\n\n\n\n<p>En aquellos servicios del Sitio Web que requieran el registro como Usuario, se deber\u00e1 elegir una contrase\u00f1a. El Usuario es responsable de mantener la confidencialidad de esta contrase\u00f1a, as\u00ed como de todas las actividades que se realicen en la sesi\u00f3n iniciada con su nombre y contrase\u00f1a.<\/p>\n\n\n\n<p>El Usuario se compromete a notificar a MOGENSEN SPAIN a la mayor brevedad posible cualquier uso no autorizado de su nombre de usuario y\/o contrase\u00f1a o cualquier otra violaci\u00f3n de seguridad. MOGENSEN SPAIN no ser\u00e1 responsable de los da\u00f1os y perjuicios que puedan derivarse del incumplimiento de esta obligaci\u00f3n por parte del Usuario.<\/p>\n\n\n\n<p><strong>8.- Changes<\/strong><\/p>\n\n\n\n<p>MOGENSEN SPAIN se reserva el derecho de revisar su Pol\u00edtica de Privacidad de vez en cuando. Por este motivo, le rogamos que consulte esta Pol\u00edtica de Privacidad con regularidad para leer la versi\u00f3n m\u00e1s reciente de la misma.<\/p>\n\n\n\n<p>&nbsp;No obstante, cualquier cambio en esta Pol\u00edtica de Privacidad ser\u00e1 comunicado al Usuario.<\/p>\n\n\n\n<p><strong>9.- Links to websites<\/strong><\/p>\n\n\n\n<p>&nbsp;El sitio web de MOGENSEN SPAIN puede contener enlaces a sitios web de terceras empresas y entidades. MOGENSEN SPAIN no puede responsabilizarse de la forma en que estas empresas tratan la protecci\u00f3n de la privacidad y los datos personales, por lo que le aconsejamos que lea detenidamente las declaraciones de pol\u00edtica de privacidad de estos sitios web que no son propiedad de MOGENSEN SPAIN en relaci\u00f3n con el uso, tratamiento y protecci\u00f3n de los datos personales.<\/p>\n\n\n\n<p>&nbsp;Las condiciones ofrecidas por estos sitios web pueden no ser las mismas que las ofrecidas por MOGENSEN SPAIN.<\/p>\n\n\n\n<p><strong>10.- Questions<\/strong><\/p>\n\n\n\n<p>&nbsp;Si tiene alguna pregunta sobre esta Pol\u00edtica de Privacidad o sobre el tratamiento de sus datos, p\u00f3ngase en contacto con MOGENSEN SPAIN por correo electr\u00f3nico en la siguiente direcci\u00f3n: <a href=\"mailto:info@mogensen.es\">dpo@mogensen.es<\/a><\/p>\n\n\n\n<p><strong>11.- Aceptaci\u00f3n y Consentimiento<\/strong><\/p>\n\n\n\n<p>&nbsp;El Usuario declara haber sido informado de las condiciones sobre protecci\u00f3n de datos de car\u00e1cter personal, aceptando y consintiendo el tratamiento de los mismos por parte de MOGENSEN SPAIN, en la forma y para las finalidades indicadas en la presente Pol\u00edtica de Privacidad.<\/p>\n\n\n\n<div class=\"wp-block-ugb-spacer ugb-spacer ugb-d8c834c ugb-spacer--v2 ugb-main-block\"><div class=\"ugb-inner-block\"><div class=\"ugb-block-content\"><div class=\"ugb-spacer--inner\"><\/div><\/div><\/div><\/div>","protected":false},"excerpt":{"rendered":"<p>1.- \u00bfQui\u00e9n es el responsable del tratamiento de sus datos? El responsable del tratamiento de sus datos personales es MOGENSEN SPAIN (en adelante, \u00abMOGENSEN SPAIN\u00bb), con C.I.F.: B-28173466 y domicilio social en C\/ Morse 12 \u00b7 Pol. Ind San Marcos \u00b7 28906 Getafe, Madrid. Le informamos que la titularidad de este Sitio Web (en adelante, [&hellip;]<\/p>\n","protected":false},"author":1,"featured_media":0,"parent":0,"menu_order":0,"comment_status":"closed","ping_status":"closed","template":"","meta":{"_acf_changed":false,"footnotes":""},"class_list":["post-3","page","type-page","status-publish","hentry"],"acf":[],"yoast_head":"<!-- This site is optimized with the Yoast SEO Premium plugin v24.5 (Yoast SEO v27.1.1) - https:\/\/yoast.com\/product\/yoast-seo-premium-wordpress\/ -->\n<title>Pol\u00edtica de Privacidad - MOGENSEN Spain<\/title>\n<meta name=\"robots\" content=\"index, follow, max-snippet:-1, max-image-preview:large, max-video-preview:-1\" \/>\n<link rel=\"canonical\" href=\"https:\/\/mogensen.es\/en\/politica-de-privacidad\/\" \/>\n<meta property=\"og:locale\" content=\"en_US\" \/>\n<meta property=\"og:type\" content=\"article\" \/>\n<meta property=\"og:title\" content=\"Pol\u00edtica de Privacidad\" \/>\n<meta property=\"og:description\" content=\"1.- \u00bfQui\u00e9n es el responsable del tratamiento de sus datos? El responsable del tratamiento de sus datos personales es MOGENSEN SPAIN (en adelante, \u00abMOGENSEN SPAIN\u00bb), con C.I.F.: B-28173466 y domicilio social en C\/ Morse 12 \u00b7 Pol. Ind San Marcos \u00b7 28906 Getafe, Madrid. Le informamos que la titularidad de este Sitio Web (en adelante, [&hellip;]\" \/>\n<meta property=\"og:url\" content=\"https:\/\/mogensen.es\/en\/politica-de-privacidad\/\" \/>\n<meta property=\"og:site_name\" content=\"MOGENSEN Spain\" \/>\n<meta property=\"article:publisher\" content=\"https:\/\/www.facebook.com\/Allgaier-Mogensen-SLU-158462750935628\/\" \/>\n<meta property=\"article:modified_time\" content=\"2024-03-21T16:41:44+00:00\" \/>\n<meta name=\"twitter:card\" content=\"summary_large_image\" \/>\n<meta name=\"twitter:site\" content=\"@almospain\" \/>\n<meta name=\"twitter:label1\" content=\"Est. reading time\" \/>\n\t<meta name=\"twitter:data1\" content=\"6 minutes\" \/>\n<script type=\"application\/ld+json\" class=\"yoast-schema-graph\">{\"@context\":\"https:\/\/schema.org\",\"@graph\":[{\"@type\":\"WebPage\",\"@id\":\"https:\/\/mogensen.es\/politica-de-privacidad\/\",\"url\":\"https:\/\/mogensen.es\/politica-de-privacidad\/\",\"name\":\"Pol\u00edtica de Privacidad - MOGENSEN Spain\",\"isPartOf\":{\"@id\":\"https:\/\/mogensen.es\/#website\"},\"datePublished\":\"2020-01-12T11:11:12+00:00\",\"dateModified\":\"2024-03-21T16:41:44+00:00\",\"breadcrumb\":{\"@id\":\"https:\/\/mogensen.es\/politica-de-privacidad\/#breadcrumb\"},\"inLanguage\":\"en-US\",\"potentialAction\":[{\"@type\":\"ReadAction\",\"target\":[\"https:\/\/mogensen.es\/politica-de-privacidad\/\"]}]},{\"@type\":\"BreadcrumbList\",\"@id\":\"https:\/\/mogensen.es\/politica-de-privacidad\/#breadcrumb\",\"itemListElement\":[{\"@type\":\"ListItem\",\"position\":1,\"name\":\"Home\",\"item\":\"https:\/\/mogensen.es\/\"},{\"@type\":\"ListItem\",\"position\":2,\"name\":\"Pol\u00edtica de Privacidad\"}]},{\"@type\":\"WebSite\",\"@id\":\"https:\/\/mogensen.es\/#website\",\"url\":\"https:\/\/mogensen.es\/\",\"name\":\"MOGENSEN Spain\",\"description\":\"Especialistas en Tecnolog\u00eda de Procesos Industriales\",\"publisher\":{\"@id\":\"https:\/\/mogensen.es\/#organization\"},\"potentialAction\":[{\"@type\":\"SearchAction\",\"target\":{\"@type\":\"EntryPoint\",\"urlTemplate\":\"https:\/\/mogensen.es\/?s={search_term_string}\"},\"query-input\":{\"@type\":\"PropertyValueSpecification\",\"valueRequired\":true,\"valueName\":\"search_term_string\"}}],\"inLanguage\":\"en-US\"},{\"@type\":\"Organization\",\"@id\":\"https:\/\/mogensen.es\/#organization\",\"name\":\"Allgaier Mogensen\",\"url\":\"https:\/\/mogensen.es\/\",\"logo\":{\"@type\":\"ImageObject\",\"inLanguage\":\"en-US\",\"@id\":\"https:\/\/mogensen.es\/#\/schema\/logo\/image\/\",\"url\":\"https:\/\/allgaiermogensen.es\/wp-content\/uploads\/2020\/01\/logo.jpg\",\"contentUrl\":\"https:\/\/allgaiermogensen.es\/wp-content\/uploads\/2020\/01\/logo.jpg\",\"width\":339,\"height\":31,\"caption\":\"Allgaier Mogensen\"},\"image\":{\"@id\":\"https:\/\/mogensen.es\/#\/schema\/logo\/image\/\"},\"sameAs\":[\"https:\/\/www.facebook.com\/Allgaier-Mogensen-SLU-158462750935628\/\",\"https:\/\/x.com\/almospain\",\"https:\/\/www.linkedin.com\/company\/allgaier-mogensen-s-a-u-almo-\/\",\"https:\/\/www.youtube.com\/channel\/UCEKhYPMgXb_AveWrmqszRBA\"]}]}<\/script>\n<!-- \/ Yoast SEO Premium plugin. -->","yoast_head_json":{"title":"Pol\u00edtica de Privacidad - MOGENSEN Spain","robots":{"index":"index","follow":"follow","max-snippet":"max-snippet:-1","max-image-preview":"max-image-preview:large","max-video-preview":"max-video-preview:-1"},"canonical":"https:\/\/mogensen.es\/en\/politica-de-privacidad\/","og_locale":"en_US","og_type":"article","og_title":"Pol\u00edtica de Privacidad","og_description":"1.- \u00bfQui\u00e9n es el responsable del tratamiento de sus datos? El responsable del tratamiento de sus datos personales es MOGENSEN SPAIN (en adelante, \u00abMOGENSEN SPAIN\u00bb), con C.I.F.: B-28173466 y domicilio social en C\/ Morse 12 \u00b7 Pol. Ind San Marcos \u00b7 28906 Getafe, Madrid. Le informamos que la titularidad de este Sitio Web (en adelante, [&hellip;]","og_url":"https:\/\/mogensen.es\/en\/politica-de-privacidad\/","og_site_name":"MOGENSEN Spain","article_publisher":"https:\/\/www.facebook.com\/Allgaier-Mogensen-SLU-158462750935628\/","article_modified_time":"2024-03-21T16:41:44+00:00","twitter_card":"summary_large_image","twitter_site":"@almospain","twitter_misc":{"Est. reading time":"6 minutes"},"schema":{"@context":"https:\/\/schema.org","@graph":[{"@type":"WebPage","@id":"https:\/\/mogensen.es\/politica-de-privacidad\/","url":"https:\/\/mogensen.es\/politica-de-privacidad\/","name":"Pol\u00edtica de Privacidad - MOGENSEN Spain","isPartOf":{"@id":"https:\/\/mogensen.es\/#website"},"datePublished":"2020-01-12T11:11:12+00:00","dateModified":"2024-03-21T16:41:44+00:00","breadcrumb":{"@id":"https:\/\/mogensen.es\/politica-de-privacidad\/#breadcrumb"},"inLanguage":"en-US","potentialAction":[{"@type":"ReadAction","target":["https:\/\/mogensen.es\/politica-de-privacidad\/"]}]},{"@type":"BreadcrumbList","@id":"https:\/\/mogensen.es\/politica-de-privacidad\/#breadcrumb","itemListElement":[{"@type":"ListItem","position":1,"name":"Home","item":"https:\/\/mogensen.es\/"},{"@type":"ListItem","position":2,"name":"Pol\u00edtica de Privacidad"}]},{"@type":"WebSite","@id":"https:\/\/mogensen.es\/#website","url":"https:\/\/mogensen.es\/","name":"MOGENSEN Spain","description":"Especialistas en Tecnolog\u00eda de Procesos Industriales","publisher":{"@id":"https:\/\/mogensen.es\/#organization"},"potentialAction":[{"@type":"SearchAction","target":{"@type":"EntryPoint","urlTemplate":"https:\/\/mogensen.es\/?s={search_term_string}"},"query-input":{"@type":"PropertyValueSpecification","valueRequired":true,"valueName":"search_term_string"}}],"inLanguage":"en-US"},{"@type":"Organization","@id":"https:\/\/mogensen.es\/#organization","name":"Allgaier Mogensen","url":"https:\/\/mogensen.es\/","logo":{"@type":"ImageObject","inLanguage":"en-US","@id":"https:\/\/mogensen.es\/#\/schema\/logo\/image\/","url":"https:\/\/allgaiermogensen.es\/wp-content\/uploads\/2020\/01\/logo.jpg","contentUrl":"https:\/\/allgaiermogensen.es\/wp-content\/uploads\/2020\/01\/logo.jpg","width":339,"height":31,"caption":"Allgaier Mogensen"},"image":{"@id":"https:\/\/mogensen.es\/#\/schema\/logo\/image\/"},"sameAs":["https:\/\/www.facebook.com\/Allgaier-Mogensen-SLU-158462750935628\/","https:\/\/x.com\/almospain","https:\/\/www.linkedin.com\/company\/allgaier-mogensen-s-a-u-almo-\/","https:\/\/www.youtube.com\/channel\/UCEKhYPMgXb_AveWrmqszRBA"]}]}},"_links":{"self":[{"href":"https:\/\/mogensen.es\/en\/wp-json\/wp\/v2\/pages\/3","targetHints":{"allow":["GET"]}}],"collection":[{"href":"https:\/\/mogensen.es\/en\/wp-json\/wp\/v2\/pages"}],"about":[{"href":"https:\/\/mogensen.es\/en\/wp-json\/wp\/v2\/types\/page"}],"author":[{"embeddable":true,"href":"https:\/\/mogensen.es\/en\/wp-json\/wp\/v2\/users\/1"}],"replies":[{"embeddable":true,"href":"https:\/\/mogensen.es\/en\/wp-json\/wp\/v2\/comments?post=3"}],"version-history":[{"count":0,"href":"https:\/\/mogensen.es\/en\/wp-json\/wp\/v2\/pages\/3\/revisions"}],"wp:attachment":[{"href":"https:\/\/mogensen.es\/en\/wp-json\/wp\/v2\/media?parent=3"}],"curies":[{"name":"wp","href":"https:\/\/api.w.org\/{rel}","templated":true}]}}