{"id":1547,"date":"2021-08-20T14:48:18","date_gmt":"2021-08-20T14:48:18","guid":{"rendered":"https:\/\/allgaiermogensen.es\/?page_id=1547"},"modified":"2024-03-21T16:44:15","modified_gmt":"2024-03-21T16:44:15","slug":"legal-notice","status":"publish","type":"page","link":"https:\/\/mogensen.es\/en\/legal-notice\/","title":{"rendered":"LEGAL NOTICE"},"content":{"rendered":"<p><\/p>\n\n\n\n<div class=\"wp-block-ugb-spacer ugb-spacer ugb-642347f ugb-spacer--v2 ugb-main-block\"><div class=\"ugb-inner-block\"><div class=\"ugb-block-content\"><div class=\"ugb-spacer--inner\"><\/div><\/div><\/div><\/div>\n\n\n\n<p><strong>1.- Derecho de informaci\u00f3n<\/strong><\/p>\n\n\n\n<p>Le informamos que este sitio web es propiedad de MOGENSEN SPAIN (en adelante \u00abMOGENSEN SPAIN\u00bb), con C.I.F.: B-28173466 y domicilio fiscal en C\/ Morse 12 \u00b7 Pol. Ind San Marcos \u00b7 28906 Getafe, Madrid, inscrita en el Registro Mercantil de Madrid en el T 29791 , F 221, S 8, H M 70508.<\/p>\n\n\n\n<p>El acceso y\/o uso del Sitio Web le atribuye la condici\u00f3n de usuario, y acepta, desde dicho acceso y\/o uso, el presente Aviso Legal.<\/p>\n\n\n\n<p>El usuario (en adelante el \u00abUsuario\u00bb) podr\u00e1 ponerse en contacto con MOGENSEN SPAIN a trav\u00e9s de la siguiente direcci\u00f3n de correo electr\u00f3nico: <a href=\"mailto:info@mogensen.es\"><strong>info@almo.es<\/strong><\/a>.<\/p>\n\n\n\n<p><strong>2.- Use of the Website<\/strong><\/p>\n\n\n\n<p>El Usuario asume la responsabilidad del uso del Sitio Web. El Sitio Web puede proporcionar acceso a multitud de textos, gr\u00e1ficos, dibujos, dise\u00f1os, fotograf\u00edas, v\u00eddeos, contenidos multimedia e informaci\u00f3n (en adelante, el \u00abContenido\u00bb), pertenecientes a MOGENSEN SPAIN o a terceros a los que el usuario puede acceder.<\/p>\n\n\n\n<p>&nbsp;El Usuario se compromete a hacer un uso adecuado de los Contenidos y servicios ofrecidos a trav\u00e9s del Sitio Web y, con car\u00e1cter enunciativo, no emplearlos para<\/p>\n\n\n\n<p>&nbsp;(i) Realizar actividades il\u00edcitas, o contrarias a la buena fe y al orden p\u00fablico.<\/p>\n\n\n\n<p>\u00a0(ii) Provocar da\u00f1os en los sistemas f\u00edsicos y l\u00f3gicos del Sitio Web de MOGENSEN SPAIN, de sus proveedores o de terceros.<\/p>\n\n\n\n<p>&nbsp;(iii) Introducir o difundir virus inform\u00e1ticos o cualesquiera otros sistemas f\u00edsicos o l\u00f3gicos que sean susceptibles de provocar los da\u00f1os anteriormente mencionados.<\/p>\n\n\n\n<p>\u00a0(iv) Intentar acceder, utilizar y\/o manipular los datos de MOGENSEN SPAIN de terceros proveedores y de otros usuarios.<\/p>\n\n\n\n<p>\u00a0(v) Reproducir o copiar, distribuir, permitir el acceso del p\u00fablico a trav\u00e9s de cualquier modalidad de comunicaci\u00f3n p\u00fablica, transformar o modificar los Contenidos, a menos que se cuente con la autorizaci\u00f3n de MOGENSEN SPAIN.<\/p>\n\n\n\n<p>\u00a0(vi) Suprimir, ocultar o manipular los Contenidos sujetos a derechos de propiedad intelectual o industrial y dem\u00e1s datos identificativos de tales derechos de MOGENSEN SPAIN o de terceros incorporados a los Contenidos, as\u00ed como los dispositivos t\u00e9cnicos de protecci\u00f3n o cualesquiera mecanismos de informaci\u00f3n que puedan insertarse en los Contenidos.<\/p>\n\n\n\n<p>MOGENSEN SPAIN advierte que los materiales contenidos en este Sitio Web han sido incluidos a t\u00edtulo meramente informativo, por lo que resultan insuficientes para la toma de decisiones o la asunci\u00f3n de posiciones en un caso concreto.<\/p>\n\n\n\n<p>El Usuario debe tener en cuenta que los materiales contenidos en este Sitio Web pueden no reflejar el estado legislativo o jurisprudencial m\u00e1s reciente sobre las cuestiones analizadas. Asimismo, estos materiales pueden ser modificados, desarrollados o actualizados sin previo aviso.<\/p>\n\n\n\n<p>MOGENSEN SPAIN tendr\u00e1 derecho a investigar y denunciar cualquiera de las conductas mencionadas de acuerdo con la ley, as\u00ed como a colaborar con las autoridades en la investigaci\u00f3n de dichas acciones.<\/p>\n\n\n\n<p>MOGENSEN SPAIN podr\u00e1 suspender temporalmente y sin previo aviso el acceso al Sitio Web con fines de mantenimiento, reparaci\u00f3n, actualizaci\u00f3n o mejora. No obstante, siempre que las circunstancias lo permitan, MOGENSEN SPAIN informar\u00e1 al Usuario, con antelaci\u00f3n suficiente, de la fecha prevista para la suspensi\u00f3n de los servicios. MOGENSEN SPAIN no se responsabiliza del uso que los Usuarios puedan hacer de los Contenidos incluidos en el Sitio Web.<\/p>\n\n\n\n<p><strong>3.- Intellectual Property<\/strong><\/p>\n\n\n\n<p>Todos los derechos de propiedad intelectual de los Contenidos del Sitio Web y su dise\u00f1o gr\u00e1fico son propiedad exclusiva de MOGENSEN SPAIN, o de un tercero que haya autorizado el uso de los mismos, por lo que corresponde a MOGENSEN SPAIN el ejercicio exclusivo de los derechos de explotaci\u00f3n de los mismos. Consecuentemente, y de acuerdo con lo establecido en la legislaci\u00f3n aplicable en materia de Derechos de Propiedad Intelectual e Industrial.<\/p>\n\n\n\n<p>MOGENSEN SPAIN no concede ninguna licencia o autorizaci\u00f3n de uso de ninguna clase sobre sus derechos de propiedad intelectual e industrial o sobre cualquier otra propiedad o derecho relacionado con el Sitio Web, los Servicios o los Contenidos de \u00e9ste.<\/p>\n\n\n\n<p>Se permite la reproducci\u00f3n y el almacenamiento temporal de los contenidos del Sitio Web en la medida estrictamente necesaria para el uso y visualizaci\u00f3n del Sitio Web desde un dispositivo personal.<\/p>\n\n\n\n<p>La legitimidad de los derechos de propiedad intelectual o industrial correspondientes a los Contenidos aportados por los usuarios es responsabilidad exclusiva de los mismos, por lo que el Usuario mantendr\u00e1 indemne a MOGENSEN SPAIN frente a cualquier reclamaci\u00f3n de terceros derivada del uso il\u00edcito de los Contenidos en el Sitio Web.<\/p>\n\n\n\n<p><strong>4.- Responsabilidad y garant\u00edas<\/strong><\/p>\n\n\n\n<p>MOGENSEN SPAIN declara que ha adoptado las medidas necesarias que, dentro de sus posibilidades y del estado de la tecnolog\u00eda, permiten el correcto funcionamiento de su Sitio Web, as\u00ed como la ausencia de virus y componentes da\u00f1inos. No obstante, MOGENSEN SPAIN no se hace responsable:<\/p>\n\n\n\n<p>No obstante, MOGENSEN SPAIN no podr\u00e1 ser considerada responsable de:<\/p>\n\n\n\n<p>&nbsp;(i)\tthe lack of continuity and availability of the Content and Services;<\/p>\n\n\n\n<p>&nbsp;(ii) la presencia de errores en dichos Contenidos o la falta de correcci\u00f3n de los defectos que pudieran existir;<\/p>\n\n\n\n<p>&nbsp;(iii) la presencia de virus o de otros componentes da\u00f1inos; y<\/p>\n\n\n\n<p>\u00a0(iv) los da\u00f1os causados por terceros que infrinjan o violen los sistemas de seguridad de MOGENSEN SPAIN.<\/p>\n\n\n\n<p>\u00a0Las aportaciones de estas p\u00e1ginas se facilitan \u00fanicamente a t\u00edtulo informativo. MOGENSEN SPAIN no garantiza la integridad, exactitud y actualidad de sus contenidos.<\/p>\n\n\n\n<p>MOGENSEN SPAIN no asume ninguna responsabilidad por los enlaces a otras p\u00e1ginas web que se encuentren en el Sitio Web que pueden dirigir al usuario a otras p\u00e1ginas web sobre las que MOGENSEN SPAIN no tiene ning\u00fan control, por lo que la inclusi\u00f3n de enlaces a otras p\u00e1ginas web no implica la aprobaci\u00f3n de sus contenidos por parte de MOGENSEN SPAIN ni la existencia de ning\u00fan tipo de asociaci\u00f3n entre MOGENSEN SPAIN y sus propietarios. Por tanto, el usuario accede a los contenidos bajo su exclusiva responsabilidad y en las condiciones de uso que rijan en los mismos.<\/p>\n\n\n\n<p><strong>5.- Duraci\u00f3n y modificaci\u00f3n<\/strong><\/p>\n\n\n\n<p>El presente Aviso Legal tendr\u00e1 una vigencia indefinida, pudiendo MOGENSEN SPAIN introducir modificaciones en las condiciones que se especifican en el mismo, las cuales entrar\u00e1n en vigor a partir de su publicaci\u00f3n.<\/p>\n\n\n\n<p>MOGENSEN SPAIN podr\u00e1 suprimir, a\u00f1adir o cambiar tanto los Contenidos como los servicios que presta, as\u00ed como la forma en que \u00e9stos aparezcan localizados o presentados. Se entender\u00e1n vigentes las condiciones publicadas en el momento en que el Usuario acceda al Sitio Web de MOGENSEN SPAIN.<\/p>\n\n\n\n<p>El acceso y\/o uso del Sitio Web se entender\u00e1 como la aceptaci\u00f3n por parte del Usuario del presente Aviso Legal y de sus condiciones y, en su caso, de las modificaciones introducidas en las mismas.<\/p>\n\n\n\n<div class=\"wp-block-ugb-spacer ugb-spacer ugb-bd51ed2 ugb-spacer--v2 ugb-main-block\"><div class=\"ugb-inner-block\"><div class=\"ugb-block-content\"><div class=\"ugb-spacer--inner\"><\/div><\/div><\/div><\/div>\n\n\n\n<p><\/p>","protected":false},"excerpt":{"rendered":"<p>1.- Derecho de informaci\u00f3n Le informamos que este sitio web es propiedad de MOGENSEN SPAIN (en adelante \u00abMOGENSEN SPAIN\u00bb), con C.I.F.: B-28173466 y domicilio fiscal en C\/ Morse 12 \u00b7 Pol. Ind San Marcos \u00b7 28906 Getafe, Madrid, inscrita en el Registro Mercantil de Madrid en el T 29791 , F 221, S 8, H [&hellip;]<\/p>\n","protected":false},"author":1,"featured_media":0,"parent":0,"menu_order":0,"comment_status":"closed","ping_status":"closed","template":"","meta":{"_acf_changed":false,"footnotes":""},"class_list":["post-1547","page","type-page","status-publish","hentry"],"acf":[],"yoast_head":"<!-- This site is optimized with the Yoast SEO Premium plugin v24.5 (Yoast SEO v27.1.1) - https:\/\/yoast.com\/product\/yoast-seo-premium-wordpress\/ -->\n<title>Aviso Legal - MOGENSEN Spain<\/title>\n<meta name=\"robots\" content=\"index, follow, max-snippet:-1, max-image-preview:large, max-video-preview:-1\" \/>\n<link rel=\"canonical\" href=\"https:\/\/mogensen.es\/en\/legal-notice\/\" \/>\n<meta property=\"og:locale\" content=\"en_US\" \/>\n<meta property=\"og:type\" content=\"article\" \/>\n<meta property=\"og:title\" content=\"Aviso Legal\" \/>\n<meta property=\"og:description\" content=\"1.- Derecho de informaci\u00f3n Le informamos que este sitio web es propiedad de MOGENSEN SPAIN (en adelante \u00abMOGENSEN SPAIN\u00bb), con C.I.F.: B-28173466 y domicilio fiscal en C\/ Morse 12 \u00b7 Pol. Ind San Marcos \u00b7 28906 Getafe, Madrid, inscrita en el Registro Mercantil de Madrid en el T 29791 , F 221, S 8, H [&hellip;]\" \/>\n<meta property=\"og:url\" content=\"https:\/\/mogensen.es\/en\/legal-notice\/\" \/>\n<meta property=\"og:site_name\" content=\"MOGENSEN Spain\" \/>\n<meta property=\"article:publisher\" content=\"https:\/\/www.facebook.com\/Allgaier-Mogensen-SLU-158462750935628\/\" \/>\n<meta property=\"article:modified_time\" content=\"2024-03-21T16:44:15+00:00\" \/>\n<meta name=\"twitter:card\" content=\"summary_large_image\" \/>\n<meta name=\"twitter:site\" content=\"@almospain\" \/>\n<meta name=\"twitter:label1\" content=\"Est. reading time\" \/>\n\t<meta name=\"twitter:data1\" content=\"5 minutes\" \/>\n<script type=\"application\/ld+json\" class=\"yoast-schema-graph\">{\"@context\":\"https:\/\/schema.org\",\"@graph\":[{\"@type\":\"WebPage\",\"@id\":\"https:\/\/mogensen.es\/legal-notice\/\",\"url\":\"https:\/\/mogensen.es\/legal-notice\/\",\"name\":\"Aviso Legal - MOGENSEN Spain\",\"isPartOf\":{\"@id\":\"https:\/\/mogensen.es\/#website\"},\"datePublished\":\"2021-08-20T14:48:18+00:00\",\"dateModified\":\"2024-03-21T16:44:15+00:00\",\"breadcrumb\":{\"@id\":\"https:\/\/mogensen.es\/legal-notice\/#breadcrumb\"},\"inLanguage\":\"en-US\",\"potentialAction\":[{\"@type\":\"ReadAction\",\"target\":[\"https:\/\/mogensen.es\/legal-notice\/\"]}]},{\"@type\":\"BreadcrumbList\",\"@id\":\"https:\/\/mogensen.es\/legal-notice\/#breadcrumb\",\"itemListElement\":[{\"@type\":\"ListItem\",\"position\":1,\"name\":\"Home\",\"item\":\"https:\/\/mogensen.es\/\"},{\"@type\":\"ListItem\",\"position\":2,\"name\":\"Aviso Legal\"}]},{\"@type\":\"WebSite\",\"@id\":\"https:\/\/mogensen.es\/#website\",\"url\":\"https:\/\/mogensen.es\/\",\"name\":\"MOGENSEN Spain\",\"description\":\"Especialistas en Tecnolog\u00eda de Procesos Industriales\",\"publisher\":{\"@id\":\"https:\/\/mogensen.es\/#organization\"},\"potentialAction\":[{\"@type\":\"SearchAction\",\"target\":{\"@type\":\"EntryPoint\",\"urlTemplate\":\"https:\/\/mogensen.es\/?s={search_term_string}\"},\"query-input\":{\"@type\":\"PropertyValueSpecification\",\"valueRequired\":true,\"valueName\":\"search_term_string\"}}],\"inLanguage\":\"en-US\"},{\"@type\":\"Organization\",\"@id\":\"https:\/\/mogensen.es\/#organization\",\"name\":\"Allgaier Mogensen\",\"url\":\"https:\/\/mogensen.es\/\",\"logo\":{\"@type\":\"ImageObject\",\"inLanguage\":\"en-US\",\"@id\":\"https:\/\/mogensen.es\/#\/schema\/logo\/image\/\",\"url\":\"https:\/\/allgaiermogensen.es\/wp-content\/uploads\/2020\/01\/logo.jpg\",\"contentUrl\":\"https:\/\/allgaiermogensen.es\/wp-content\/uploads\/2020\/01\/logo.jpg\",\"width\":339,\"height\":31,\"caption\":\"Allgaier Mogensen\"},\"image\":{\"@id\":\"https:\/\/mogensen.es\/#\/schema\/logo\/image\/\"},\"sameAs\":[\"https:\/\/www.facebook.com\/Allgaier-Mogensen-SLU-158462750935628\/\",\"https:\/\/x.com\/almospain\",\"https:\/\/www.linkedin.com\/company\/allgaier-mogensen-s-a-u-almo-\/\",\"https:\/\/www.youtube.com\/channel\/UCEKhYPMgXb_AveWrmqszRBA\"]}]}<\/script>\n<!-- \/ Yoast SEO Premium plugin. -->","yoast_head_json":{"title":"Aviso Legal - MOGENSEN Spain","robots":{"index":"index","follow":"follow","max-snippet":"max-snippet:-1","max-image-preview":"max-image-preview:large","max-video-preview":"max-video-preview:-1"},"canonical":"https:\/\/mogensen.es\/en\/legal-notice\/","og_locale":"en_US","og_type":"article","og_title":"Aviso Legal","og_description":"1.- Derecho de informaci\u00f3n Le informamos que este sitio web es propiedad de MOGENSEN SPAIN (en adelante \u00abMOGENSEN SPAIN\u00bb), con C.I.F.: B-28173466 y domicilio fiscal en C\/ Morse 12 \u00b7 Pol. Ind San Marcos \u00b7 28906 Getafe, Madrid, inscrita en el Registro Mercantil de Madrid en el T 29791 , F 221, S 8, H [&hellip;]","og_url":"https:\/\/mogensen.es\/en\/legal-notice\/","og_site_name":"MOGENSEN Spain","article_publisher":"https:\/\/www.facebook.com\/Allgaier-Mogensen-SLU-158462750935628\/","article_modified_time":"2024-03-21T16:44:15+00:00","twitter_card":"summary_large_image","twitter_site":"@almospain","twitter_misc":{"Est. reading time":"5 minutes"},"schema":{"@context":"https:\/\/schema.org","@graph":[{"@type":"WebPage","@id":"https:\/\/mogensen.es\/legal-notice\/","url":"https:\/\/mogensen.es\/legal-notice\/","name":"Aviso Legal - MOGENSEN Spain","isPartOf":{"@id":"https:\/\/mogensen.es\/#website"},"datePublished":"2021-08-20T14:48:18+00:00","dateModified":"2024-03-21T16:44:15+00:00","breadcrumb":{"@id":"https:\/\/mogensen.es\/legal-notice\/#breadcrumb"},"inLanguage":"en-US","potentialAction":[{"@type":"ReadAction","target":["https:\/\/mogensen.es\/legal-notice\/"]}]},{"@type":"BreadcrumbList","@id":"https:\/\/mogensen.es\/legal-notice\/#breadcrumb","itemListElement":[{"@type":"ListItem","position":1,"name":"Home","item":"https:\/\/mogensen.es\/"},{"@type":"ListItem","position":2,"name":"Aviso Legal"}]},{"@type":"WebSite","@id":"https:\/\/mogensen.es\/#website","url":"https:\/\/mogensen.es\/","name":"MOGENSEN Spain","description":"Especialistas en Tecnolog\u00eda de Procesos Industriales","publisher":{"@id":"https:\/\/mogensen.es\/#organization"},"potentialAction":[{"@type":"SearchAction","target":{"@type":"EntryPoint","urlTemplate":"https:\/\/mogensen.es\/?s={search_term_string}"},"query-input":{"@type":"PropertyValueSpecification","valueRequired":true,"valueName":"search_term_string"}}],"inLanguage":"en-US"},{"@type":"Organization","@id":"https:\/\/mogensen.es\/#organization","name":"Allgaier Mogensen","url":"https:\/\/mogensen.es\/","logo":{"@type":"ImageObject","inLanguage":"en-US","@id":"https:\/\/mogensen.es\/#\/schema\/logo\/image\/","url":"https:\/\/allgaiermogensen.es\/wp-content\/uploads\/2020\/01\/logo.jpg","contentUrl":"https:\/\/allgaiermogensen.es\/wp-content\/uploads\/2020\/01\/logo.jpg","width":339,"height":31,"caption":"Allgaier Mogensen"},"image":{"@id":"https:\/\/mogensen.es\/#\/schema\/logo\/image\/"},"sameAs":["https:\/\/www.facebook.com\/Allgaier-Mogensen-SLU-158462750935628\/","https:\/\/x.com\/almospain","https:\/\/www.linkedin.com\/company\/allgaier-mogensen-s-a-u-almo-\/","https:\/\/www.youtube.com\/channel\/UCEKhYPMgXb_AveWrmqszRBA"]}]}},"_links":{"self":[{"href":"https:\/\/mogensen.es\/en\/wp-json\/wp\/v2\/pages\/1547","targetHints":{"allow":["GET"]}}],"collection":[{"href":"https:\/\/mogensen.es\/en\/wp-json\/wp\/v2\/pages"}],"about":[{"href":"https:\/\/mogensen.es\/en\/wp-json\/wp\/v2\/types\/page"}],"author":[{"embeddable":true,"href":"https:\/\/mogensen.es\/en\/wp-json\/wp\/v2\/users\/1"}],"replies":[{"embeddable":true,"href":"https:\/\/mogensen.es\/en\/wp-json\/wp\/v2\/comments?post=1547"}],"version-history":[{"count":0,"href":"https:\/\/mogensen.es\/en\/wp-json\/wp\/v2\/pages\/1547\/revisions"}],"wp:attachment":[{"href":"https:\/\/mogensen.es\/en\/wp-json\/wp\/v2\/media?parent=1547"}],"curies":[{"name":"wp","href":"https:\/\/api.w.org\/{rel}","templated":true}]}}