{"id":13,"date":"2020-01-12T11:23:31","date_gmt":"2020-01-12T11:23:31","guid":{"rendered":"https:\/\/allgaiermogensen.es\/?page_id=13"},"modified":"2023-12-28T20:53:48","modified_gmt":"2023-12-28T20:53:48","slug":"servicios","status":"publish","type":"page","link":"https:\/\/mogensen.es\/en\/servicios\/","title":{"rendered":"Services"},"content":{"rendered":"<div style=\"height:70px\" aria-hidden=\"true\" class=\"wp-block-spacer\"><\/div>\n\n\n\n<div class=\"wp-block-columns is-layout-flex wp-container-core-columns-is-layout-9d6595d7 wp-block-columns-is-layout-flex\">\n<div class=\"wp-block-column is-layout-flow wp-block-column-is-layout-flow\">\n<h2 class=\"wp-block-heading has-text-color\" style=\"color:#214569\"> <strong>SERVICES<\/strong> <\/h2>\n\n\n\n<div style=\"height:20px\" aria-hidden=\"true\" class=\"wp-block-spacer\"><\/div>\n\n\n\n<p>Como cliente de MOGENSEN Spain, no solo se beneficiar\u00e1 de las ventajas t\u00e9cnicas de nuestras m\u00e1quinas y sistemas innovadores de alta calidad, sino tambi\u00e9n de nuestro servicio de posventa integral y especializado.<\/p>\n\n\n\n<p>Maximum availability of our equipment and their systems are crucial factors in ensuring that your daily operations remain profitable and successful.<\/p>\n\n\n\n<p>Our after-sales service covers the complete life cycle of our equipment and systems and is designed to maximize your profitability and efficiency, while reducing the corresponding total cost of ownership.<\/p>\n\n\n\n<div style=\"height:20px\" aria-hidden=\"true\" class=\"wp-block-spacer\"><\/div>\n\n\n\n<p><strong>INSTALLATION<\/strong><\/p>\n\n\n\n<p><\/p>\n\n\n\n<p>We will be at your side during the installation of your new equipment and systems, and also during the start-up phase. In addition, we offer configuration adjustments of your equipment according to the production conditions.<\/p>\n\n\n\n<p><strong>SPARE PARTS<\/strong><\/p>\n\n\n\n<p>We offer a tailored service solution that meets your specific needs.<\/p>\n\n\n\n<p>We also offer a wide catalog of standard spare parts with high and fast availability.<\/p>\n\n\n\n<p>Our spare parts are original and with the highest quality in the market.<\/p>\n\n\n\n<p>We also offer scheduled inspections, preventative maintenance and fast assistance in cases of emergency.<\/p>\n\n\n\n<p> <strong>TEST PLANT<\/strong><\/p>\n\n\n\n<p>En MOGENSEN Spain contamos con una planta piloto en nuestras instalaciones de Getafe que ponemos a disposici\u00f3n de nuestros clientes para la realizaci\u00f3n continua de ensayos y pruebas para la optimizaci\u00f3n de productos y procesos.<\/p>\n\n\n\n<p>To optimize the parameters of specific procedures of each case, we use the original materials of each client with which we carry out detailed evaluations and protocols that guarantee the correct design and operation of the equipment and installations, oriented to practice and their subsequent production in large facilities, always adapted to the customer's needs and in the strictest confidence.<\/p>\n\n\n\n<p><\/p>\n\n\n\n<p><strong>TECHNICAL SERVICE AND MAINTENANCE<\/strong><\/p>\n\n\n\n<p>When an equipment fails, we will be there to provide you with quick and professional assistance in oder to minimize downtimes.<\/p>\n\n\n\n<p><\/p>\n\n\n\n<p><strong>MODERNIZATION<\/strong><\/p>\n\n\n\n<p>Always adapted to the latest technologies on the market:<\/p>\n\n\n\n<p>Our modernization maximizes performance, safety, and added value throughout the life cycle of our systems and equipment.<\/p>\n\n\n\n<div style=\"height:49px\" aria-hidden=\"true\" class=\"wp-block-spacer\"><\/div>\n\n\n\n<div class=\"wp-block-button\"><a class=\"wp-block-button__link has-background wp-element-button\" href=\"https:\/\/allgaiermogensen.es\/contact\/\" style=\"background-color:#00a4e2\">CONTACT<\/a><\/div>\n\n\n\n<div style=\"height:26px\" aria-hidden=\"true\" class=\"wp-block-spacer\"><\/div>\n<\/div>\n\n\n\n<div class=\"wp-block-column is-layout-flow wp-block-column-is-layout-flow\">\n<figure class=\"wp-block-image size-large is-resized w-100 img-border\"><img loading=\"lazy\" decoding=\"async\" width=\"1024\" height=\"768\" src=\"https:\/\/allgaiermogensen.es\/wp-content\/uploads\/2020\/02\/ALMO_1-1024x768.jpg\" alt=\"\" class=\"wp-image-894\" style=\"width:607px;height:456px\" srcset=\"https:\/\/mogensen.es\/wp-content\/uploads\/2020\/02\/ALMO_1-1024x768.jpg 1024w, https:\/\/mogensen.es\/wp-content\/uploads\/2020\/02\/ALMO_1-300x225.jpg 300w, https:\/\/mogensen.es\/wp-content\/uploads\/2020\/02\/ALMO_1-768x576.jpg 768w, https:\/\/mogensen.es\/wp-content\/uploads\/2020\/02\/ALMO_1-1536x1152.jpg 1536w, https:\/\/mogensen.es\/wp-content\/uploads\/2020\/02\/ALMO_1-16x12.jpg 16w, https:\/\/mogensen.es\/wp-content\/uploads\/2020\/02\/ALMO_1.jpg 2048w\" sizes=\"auto, (max-width: 1024px) 100vw, 1024px\" \/><\/figure>\n\n\n\n<div style=\"height:63px\" aria-hidden=\"true\" class=\"wp-block-spacer\"><\/div>\n\n\n\n<figure class=\"wp-block-image size-large is-resized w-100 img-border\"><img loading=\"lazy\" decoding=\"async\" width=\"1024\" height=\"768\" src=\"https:\/\/allgaiermogensen.es\/wp-content\/uploads\/2020\/02\/ALMO_2-1024x768.jpg\" alt=\"\" class=\"wp-image-895\" style=\"width:613px;height:458px\" srcset=\"https:\/\/mogensen.es\/wp-content\/uploads\/2020\/02\/ALMO_2-1024x768.jpg 1024w, https:\/\/mogensen.es\/wp-content\/uploads\/2020\/02\/ALMO_2-300x225.jpg 300w, https:\/\/mogensen.es\/wp-content\/uploads\/2020\/02\/ALMO_2-768x576.jpg 768w, https:\/\/mogensen.es\/wp-content\/uploads\/2020\/02\/ALMO_2-1536x1152.jpg 1536w, https:\/\/mogensen.es\/wp-content\/uploads\/2020\/02\/ALMO_2-16x12.jpg 16w, https:\/\/mogensen.es\/wp-content\/uploads\/2020\/02\/ALMO_2.jpg 1600w\" sizes=\"auto, (max-width: 1024px) 100vw, 1024px\" \/><\/figure>\n\n\n\n<div style=\"height:64px\" aria-hidden=\"true\" class=\"wp-block-spacer\"><\/div>\n\n\n\n<figure class=\"wp-block-image size-large w-100 img-border\"><img decoding=\"async\" src=\"https:\/\/allgaiermogensen.es\/wp-content\/uploads\/2020\/03\/Allgaier-Mogensen-Plante-de-Pruebas-1.png\" alt=\"\" class=\"wp-image-895\"\/><\/figure>\n<\/div>\n<\/div>\n\n\n\n<div style=\"height:50px\" aria-hidden=\"true\" class=\"wp-block-spacer\"><\/div>","protected":false},"excerpt":{"rendered":"<p>SERVICIOS Como cliente de MOGENSEN Spain, no solo se beneficiar\u00e1 de las ventajas t\u00e9cnicas de nuestras m\u00e1quinas y sistemas innovadores de alta calidad, sino tambi\u00e9n de nuestro servicio de posventa integral y especializado. La m\u00e1xima disponibilidad de nuestras m\u00e1quinas y sus sistemas son factores cruciales para garantizar que sus operaciones diarias sigan siendo rentables y [&hellip;]<\/p>\n","protected":false},"author":1,"featured_media":0,"parent":0,"menu_order":0,"comment_status":"closed","ping_status":"closed","template":"","meta":{"_acf_changed":false,"footnotes":""},"class_list":["post-13","page","type-page","status-publish","hentry"],"acf":[],"yoast_head":"<!-- This site is optimized with the Yoast SEO Premium plugin v24.5 (Yoast SEO v27.1.1) - https:\/\/yoast.com\/product\/yoast-seo-premium-wordpress\/ -->\n<title>Servicios - MOGENSEN Spain<\/title>\n<meta name=\"robots\" content=\"index, follow, max-snippet:-1, max-image-preview:large, max-video-preview:-1\" \/>\n<link rel=\"canonical\" href=\"https:\/\/mogensen.es\/en\/servicios\/\" \/>\n<meta property=\"og:locale\" content=\"en_US\" \/>\n<meta property=\"og:type\" content=\"article\" \/>\n<meta property=\"og:title\" content=\"Servicios\" \/>\n<meta property=\"og:description\" content=\"SERVICIOS Como cliente de MOGENSEN Spain, no solo se beneficiar\u00e1 de las ventajas t\u00e9cnicas de nuestras m\u00e1quinas y sistemas innovadores de alta calidad, sino tambi\u00e9n de nuestro servicio de posventa integral y especializado. La m\u00e1xima disponibilidad de nuestras m\u00e1quinas y sus sistemas son factores cruciales para garantizar que sus operaciones diarias sigan siendo rentables y [&hellip;]\" \/>\n<meta property=\"og:url\" content=\"https:\/\/mogensen.es\/en\/servicios\/\" \/>\n<meta property=\"og:site_name\" content=\"MOGENSEN Spain\" \/>\n<meta property=\"article:publisher\" content=\"https:\/\/www.facebook.com\/Allgaier-Mogensen-SLU-158462750935628\/\" \/>\n<meta property=\"article:modified_time\" content=\"2023-12-28T20:53:48+00:00\" \/>\n<meta property=\"og:image\" content=\"https:\/\/allgaiermogensen.es\/wp-content\/uploads\/2020\/02\/ALMO_1-1024x768.jpg\" \/>\n<meta name=\"twitter:card\" content=\"summary_large_image\" \/>\n<meta name=\"twitter:site\" content=\"@almospain\" \/>\n<meta name=\"twitter:label1\" content=\"Est. reading time\" \/>\n\t<meta name=\"twitter:data1\" content=\"3 minutes\" \/>\n<script type=\"application\/ld+json\" class=\"yoast-schema-graph\">{\"@context\":\"https:\/\/schema.org\",\"@graph\":[{\"@type\":\"WebPage\",\"@id\":\"https:\/\/mogensen.es\/servicios\/\",\"url\":\"https:\/\/mogensen.es\/servicios\/\",\"name\":\"Servicios - MOGENSEN Spain\",\"isPartOf\":{\"@id\":\"https:\/\/mogensen.es\/#website\"},\"primaryImageOfPage\":{\"@id\":\"https:\/\/mogensen.es\/servicios\/#primaryimage\"},\"image\":{\"@id\":\"https:\/\/mogensen.es\/servicios\/#primaryimage\"},\"thumbnailUrl\":\"https:\/\/allgaiermogensen.es\/wp-content\/uploads\/2020\/02\/ALMO_1-1024x768.jpg\",\"datePublished\":\"2020-01-12T11:23:31+00:00\",\"dateModified\":\"2023-12-28T20:53:48+00:00\",\"breadcrumb\":{\"@id\":\"https:\/\/mogensen.es\/servicios\/#breadcrumb\"},\"inLanguage\":\"en-US\",\"potentialAction\":[{\"@type\":\"ReadAction\",\"target\":[\"https:\/\/mogensen.es\/servicios\/\"]}]},{\"@type\":\"ImageObject\",\"inLanguage\":\"en-US\",\"@id\":\"https:\/\/mogensen.es\/servicios\/#primaryimage\",\"url\":\"https:\/\/allgaiermogensen.es\/wp-content\/uploads\/2020\/02\/ALMO_1-1024x768.jpg\",\"contentUrl\":\"https:\/\/allgaiermogensen.es\/wp-content\/uploads\/2020\/02\/ALMO_1-1024x768.jpg\"},{\"@type\":\"BreadcrumbList\",\"@id\":\"https:\/\/mogensen.es\/servicios\/#breadcrumb\",\"itemListElement\":[{\"@type\":\"ListItem\",\"position\":1,\"name\":\"Home\",\"item\":\"https:\/\/mogensen.es\/\"},{\"@type\":\"ListItem\",\"position\":2,\"name\":\"Servicios\"}]},{\"@type\":\"WebSite\",\"@id\":\"https:\/\/mogensen.es\/#website\",\"url\":\"https:\/\/mogensen.es\/\",\"name\":\"MOGENSEN Spain\",\"description\":\"Especialistas en Tecnolog\u00eda de Procesos Industriales\",\"publisher\":{\"@id\":\"https:\/\/mogensen.es\/#organization\"},\"potentialAction\":[{\"@type\":\"SearchAction\",\"target\":{\"@type\":\"EntryPoint\",\"urlTemplate\":\"https:\/\/mogensen.es\/?s={search_term_string}\"},\"query-input\":{\"@type\":\"PropertyValueSpecification\",\"valueRequired\":true,\"valueName\":\"search_term_string\"}}],\"inLanguage\":\"en-US\"},{\"@type\":\"Organization\",\"@id\":\"https:\/\/mogensen.es\/#organization\",\"name\":\"Allgaier Mogensen\",\"url\":\"https:\/\/mogensen.es\/\",\"logo\":{\"@type\":\"ImageObject\",\"inLanguage\":\"en-US\",\"@id\":\"https:\/\/mogensen.es\/#\/schema\/logo\/image\/\",\"url\":\"https:\/\/allgaiermogensen.es\/wp-content\/uploads\/2020\/01\/logo.jpg\",\"contentUrl\":\"https:\/\/allgaiermogensen.es\/wp-content\/uploads\/2020\/01\/logo.jpg\",\"width\":339,\"height\":31,\"caption\":\"Allgaier Mogensen\"},\"image\":{\"@id\":\"https:\/\/mogensen.es\/#\/schema\/logo\/image\/\"},\"sameAs\":[\"https:\/\/www.facebook.com\/Allgaier-Mogensen-SLU-158462750935628\/\",\"https:\/\/x.com\/almospain\",\"https:\/\/www.linkedin.com\/company\/allgaier-mogensen-s-a-u-almo-\/\",\"https:\/\/www.youtube.com\/channel\/UCEKhYPMgXb_AveWrmqszRBA\"]}]}<\/script>\n<!-- \/ Yoast SEO Premium plugin. -->","yoast_head_json":{"title":"Servicios - MOGENSEN Spain","robots":{"index":"index","follow":"follow","max-snippet":"max-snippet:-1","max-image-preview":"max-image-preview:large","max-video-preview":"max-video-preview:-1"},"canonical":"https:\/\/mogensen.es\/en\/servicios\/","og_locale":"en_US","og_type":"article","og_title":"Servicios","og_description":"SERVICIOS Como cliente de MOGENSEN Spain, no solo se beneficiar\u00e1 de las ventajas t\u00e9cnicas de nuestras m\u00e1quinas y sistemas innovadores de alta calidad, sino tambi\u00e9n de nuestro servicio de posventa integral y especializado. La m\u00e1xima disponibilidad de nuestras m\u00e1quinas y sus sistemas son factores cruciales para garantizar que sus operaciones diarias sigan siendo rentables y [&hellip;]","og_url":"https:\/\/mogensen.es\/en\/servicios\/","og_site_name":"MOGENSEN Spain","article_publisher":"https:\/\/www.facebook.com\/Allgaier-Mogensen-SLU-158462750935628\/","article_modified_time":"2023-12-28T20:53:48+00:00","og_image":[{"url":"https:\/\/allgaiermogensen.es\/wp-content\/uploads\/2020\/02\/ALMO_1-1024x768.jpg","type":"","width":"","height":""}],"twitter_card":"summary_large_image","twitter_site":"@almospain","twitter_misc":{"Est. reading time":"3 minutes"},"schema":{"@context":"https:\/\/schema.org","@graph":[{"@type":"WebPage","@id":"https:\/\/mogensen.es\/servicios\/","url":"https:\/\/mogensen.es\/servicios\/","name":"Servicios - MOGENSEN Spain","isPartOf":{"@id":"https:\/\/mogensen.es\/#website"},"primaryImageOfPage":{"@id":"https:\/\/mogensen.es\/servicios\/#primaryimage"},"image":{"@id":"https:\/\/mogensen.es\/servicios\/#primaryimage"},"thumbnailUrl":"https:\/\/allgaiermogensen.es\/wp-content\/uploads\/2020\/02\/ALMO_1-1024x768.jpg","datePublished":"2020-01-12T11:23:31+00:00","dateModified":"2023-12-28T20:53:48+00:00","breadcrumb":{"@id":"https:\/\/mogensen.es\/servicios\/#breadcrumb"},"inLanguage":"en-US","potentialAction":[{"@type":"ReadAction","target":["https:\/\/mogensen.es\/servicios\/"]}]},{"@type":"ImageObject","inLanguage":"en-US","@id":"https:\/\/mogensen.es\/servicios\/#primaryimage","url":"https:\/\/allgaiermogensen.es\/wp-content\/uploads\/2020\/02\/ALMO_1-1024x768.jpg","contentUrl":"https:\/\/allgaiermogensen.es\/wp-content\/uploads\/2020\/02\/ALMO_1-1024x768.jpg"},{"@type":"BreadcrumbList","@id":"https:\/\/mogensen.es\/servicios\/#breadcrumb","itemListElement":[{"@type":"ListItem","position":1,"name":"Home","item":"https:\/\/mogensen.es\/"},{"@type":"ListItem","position":2,"name":"Servicios"}]},{"@type":"WebSite","@id":"https:\/\/mogensen.es\/#website","url":"https:\/\/mogensen.es\/","name":"MOGENSEN Spain","description":"Especialistas en Tecnolog\u00eda de Procesos Industriales","publisher":{"@id":"https:\/\/mogensen.es\/#organization"},"potentialAction":[{"@type":"SearchAction","target":{"@type":"EntryPoint","urlTemplate":"https:\/\/mogensen.es\/?s={search_term_string}"},"query-input":{"@type":"PropertyValueSpecification","valueRequired":true,"valueName":"search_term_string"}}],"inLanguage":"en-US"},{"@type":"Organization","@id":"https:\/\/mogensen.es\/#organization","name":"Allgaier Mogensen","url":"https:\/\/mogensen.es\/","logo":{"@type":"ImageObject","inLanguage":"en-US","@id":"https:\/\/mogensen.es\/#\/schema\/logo\/image\/","url":"https:\/\/allgaiermogensen.es\/wp-content\/uploads\/2020\/01\/logo.jpg","contentUrl":"https:\/\/allgaiermogensen.es\/wp-content\/uploads\/2020\/01\/logo.jpg","width":339,"height":31,"caption":"Allgaier Mogensen"},"image":{"@id":"https:\/\/mogensen.es\/#\/schema\/logo\/image\/"},"sameAs":["https:\/\/www.facebook.com\/Allgaier-Mogensen-SLU-158462750935628\/","https:\/\/x.com\/almospain","https:\/\/www.linkedin.com\/company\/allgaier-mogensen-s-a-u-almo-\/","https:\/\/www.youtube.com\/channel\/UCEKhYPMgXb_AveWrmqszRBA"]}]}},"_links":{"self":[{"href":"https:\/\/mogensen.es\/en\/wp-json\/wp\/v2\/pages\/13","targetHints":{"allow":["GET"]}}],"collection":[{"href":"https:\/\/mogensen.es\/en\/wp-json\/wp\/v2\/pages"}],"about":[{"href":"https:\/\/mogensen.es\/en\/wp-json\/wp\/v2\/types\/page"}],"author":[{"embeddable":true,"href":"https:\/\/mogensen.es\/en\/wp-json\/wp\/v2\/users\/1"}],"replies":[{"embeddable":true,"href":"https:\/\/mogensen.es\/en\/wp-json\/wp\/v2\/comments?post=13"}],"version-history":[{"count":0,"href":"https:\/\/mogensen.es\/en\/wp-json\/wp\/v2\/pages\/13\/revisions"}],"wp:attachment":[{"href":"https:\/\/mogensen.es\/en\/wp-json\/wp\/v2\/media?parent=13"}],"curies":[{"name":"wp","href":"https:\/\/api.w.org\/{rel}","templated":true}]}}